{"id":708,"date":"2022-06-22T11:58:28","date_gmt":"2022-06-22T11:58:28","guid":{"rendered":"https:\/\/sentierisiciliani.it\/?page_id=708"},"modified":"2022-06-24T10:50:24","modified_gmt":"2022-06-24T10:50:24","slug":"wine-shop","status":"publish","type":"page","link":"https:\/\/sentierisiciliani.it\/en\/wine-shop\/","title":{"rendered":"Shop"},"content":{"rendered":"\t\t<div data-elementor-type=\"wp-page\" data-elementor-id=\"708\" class=\"elementor elementor-708\">\n\t\t\t\t\t\t\t\t\t<section class=\"elementor-section elementor-top-section elementor-element elementor-element-8708fa2 elementor-section-height-min-height elementor-section-boxed elementor-section-height-default elementor-section-items-middle\" data-id=\"8708fa2\" data-element_type=\"section\" data-settings=\"{&quot;background_background&quot;:&quot;classic&quot;}\">\n\t\t\t\t\t\t<div class=\"elementor-container elementor-column-gap-default\">\n\t\t\t\t\t<div class=\"elementor-column elementor-col-50 elementor-top-column elementor-element elementor-element-f71fe92 elementor-hidden-mobile\" data-id=\"f71fe92\" data-element_type=\"column\">\n\t\t\t<div class=\"elementor-widget-wrap\">\n\t\t\t\t\t\t\t\t\t<\/div>\n\t\t<\/div>\n\t\t\t\t<div class=\"elementor-column elementor-col-50 elementor-top-column elementor-element elementor-element-7f432a1\" data-id=\"7f432a1\" data-element_type=\"column\">\n\t\t\t<div class=\"elementor-widget-wrap elementor-element-populated\">\n\t\t\t\t\t\t\t\t<div class=\"elementor-element elementor-element-0f1f750 elementor-widget__width-auto elementor-widget elementor-widget-heading\" data-id=\"0f1f750\" data-element_type=\"widget\" data-widget_type=\"heading.default\">\n\t\t\t\t<div class=\"elementor-widget-container\">\n\t\t\t<style>\/*! elementor - v3.6.5 - 27-04-2022 *\/\n.elementor-heading-title{padding:0;margin:0;line-height:1}.elementor-widget-heading .elementor-heading-title[class*=elementor-size-]>a{color:inherit;font-size:inherit;line-height:inherit}.elementor-widget-heading .elementor-heading-title.elementor-size-small{font-size:15px}.elementor-widget-heading .elementor-heading-title.elementor-size-medium{font-size:19px}.elementor-widget-heading .elementor-heading-title.elementor-size-large{font-size:29px}.elementor-widget-heading .elementor-heading-title.elementor-size-xl{font-size:39px}.elementor-widget-heading .elementor-heading-title.elementor-size-xxl{font-size:59px}<\/style><h1 class=\"elementor-heading-title elementor-size-default\">shop<\/h1>\t\t<\/div>\n\t\t\t\t<\/div>\n\t\t\t\t<div class=\"elementor-element elementor-element-94c0b5c elementor-widget__width-auto elementor-widget elementor-widget-heading\" data-id=\"94c0b5c\" data-element_type=\"widget\" data-widget_type=\"heading.default\">\n\t\t\t\t<div class=\"elementor-widget-container\">\n\t\t\t<h2 class=\"elementor-heading-title elementor-size-default\">\/  vini e oli<\/h2>\t\t<\/div>\n\t\t\t\t<\/div>\n\t\t\t\t\t<\/div>\n\t\t<\/div>\n\t\t\t\t\t\t\t<\/div>\n\t\t<\/section>\n\t\t\t\t<section class=\"elementor-section elementor-top-section elementor-element elementor-element-bf9fed7 elementor-section-height-min-height elementor-section-items-stretch elementor-section-content-space-evenly elementor-section-boxed elementor-section-height-default\" data-id=\"bf9fed7\" data-element_type=\"section\">\n\t\t\t\t\t\t<div class=\"elementor-container elementor-column-gap-no\">\n\t\t\t\t\t<div class=\"elementor-column elementor-col-50 elementor-top-column elementor-element elementor-element-07eae45\" data-id=\"07eae45\" data-element_type=\"column\">\n\t\t\t<div class=\"elementor-widget-wrap elementor-element-populated\">\n\t\t\t\t\t\t\t\t<div class=\"elementor-element elementor-element-cac14ae elementor-grid-2 elementor-product-loop-item--align-center elementor-grid-tablet-2 elementor-grid-mobile-2 elementor-products-grid elementor-wc-products elementor-widget elementor-widget-woocommerce-products\" data-id=\"cac14ae\" data-element_type=\"widget\" data-widget_type=\"woocommerce-products.default\">\n\t\t\t\t<div class=\"elementor-widget-container\">\n\t\t\t<link rel=\"stylesheet\" href=\"https:\/\/sentierisiciliani.it\/wp-content\/plugins\/elementor-pro\/assets\/css\/widget-woocommerce.min.css\"><div class=\"woocommerce columns-2 \"><ul class=\"products elementor-grid columns-2\">\n<li class=\"product type-product post-871 status-publish first instock product_cat-wines has-post-thumbnail shipping-taxable purchasable product-type-simple\">\n\t<\/li>\n<li class=\"product type-product post-872 status-publish last instock product_cat-wines has-post-thumbnail shipping-taxable purchasable product-type-simple\">\n\t<\/li>\n<\/ul>\n<\/div>\t\t<\/div>\n\t\t\t\t<\/div>\n\t\t\t\t\t<\/div>\n\t\t<\/div>\n\t\t\t\t<div class=\"elementor-column elementor-col-50 elementor-top-column elementor-element elementor-element-a4135cd\" data-id=\"a4135cd\" data-element_type=\"column\" data-settings=\"{&quot;background_background&quot;:&quot;classic&quot;}\">\n\t\t\t<div class=\"elementor-widget-wrap elementor-element-populated\">\n\t\t\t\t\t\t\t\t<div class=\"elementor-element elementor-element-62df5c1 elementor-widget elementor-widget-heading\" data-id=\"62df5c1\" data-element_type=\"widget\" data-widget_type=\"heading.default\">\n\t\t\t\t<div class=\"elementor-widget-container\">\n\t\t\t<h2 class=\"elementor-heading-title elementor-size-default\">territoriali<\/h2>\t\t<\/div>\n\t\t\t\t<\/div>\n\t\t\t\t<div class=\"elementor-element elementor-element-903ecca elementor-widget__width-initial elementor-widget-mobile__width-initial elementor-absolute animated-slow elementor-invisible elementor-widget elementor-widget-spacer\" data-id=\"903ecca\" data-element_type=\"widget\" data-settings=\"{&quot;_position&quot;:&quot;absolute&quot;,&quot;_animation&quot;:&quot;stretchRight&quot;,&quot;_animation_delay&quot;:1000}\" data-widget_type=\"spacer.default\">\n\t\t\t\t<div class=\"elementor-widget-container\">\n\t\t\t<style>\/*! elementor - v3.6.5 - 27-04-2022 *\/\n.e-container.e-container--row .elementor-spacer-inner{width:var(--spacer-size)}.e-container.e-container--column .elementor-spacer-inner,.elementor-column .elementor-spacer-inner{height:var(--spacer-size)}<\/style>\t\t<div class=\"elementor-spacer\">\n\t\t\t<div class=\"elementor-spacer-inner\"><\/div>\n\t\t<\/div>\n\t\t\t\t<\/div>\n\t\t\t\t<\/div>\n\t\t\t\t<div class=\"elementor-element elementor-element-d32e9a4 elementor-widget elementor-widget-text-editor\" data-id=\"d32e9a4\" data-element_type=\"widget\" data-widget_type=\"text-editor.default\">\n\t\t\t\t<div class=\"elementor-widget-container\">\n\t\t\t<style>\/*! elementor - v3.6.5 - 27-04-2022 *\/\n.elementor-widget-text-editor.elementor-drop-cap-view-stacked .elementor-drop-cap{background-color:#818a91;color:#fff}.elementor-widget-text-editor.elementor-drop-cap-view-framed .elementor-drop-cap{color:#818a91;border:3px solid;background-color:transparent}.elementor-widget-text-editor:not(.elementor-drop-cap-view-default) .elementor-drop-cap{margin-top:8px}.elementor-widget-text-editor:not(.elementor-drop-cap-view-default) .elementor-drop-cap-letter{width:1em;height:1em}.elementor-widget-text-editor .elementor-drop-cap{float:left;text-align:center;line-height:1;font-size:50px}.elementor-widget-text-editor .elementor-drop-cap-letter{display:inline-block}<\/style>\t\t\t\t<p>I miei Etna Bianco e Rosso Doc rappresentano l\u2019apice dello sforzo, esprimono le particolari condizioni di un intero anno di lavoro sul vulcano, nei miei vigneti.<\/p><p>L\u2019uvaggio \u00e8 quello tipico della Doc e tuttavia viene calibrato, di anno in anno, per ottenere l\u2019assoluto rispetto biologico del territorio e delle piante, del Vulcano e di questa \u201cisola nell\u2019isola\u201d in cui ho deciso di produrli.<\/p><div>\u00a0<\/div>\t\t\t\t\t\t<\/div>\n\t\t\t\t<\/div>\n\t\t\t\t\t<\/div>\n\t\t<\/div>\n\t\t\t\t\t\t\t<\/div>\n\t\t<\/section>\n\t\t\t\t<section class=\"elementor-section elementor-top-section elementor-element elementor-element-b958805 elementor-reverse-mobile elementor-section-height-min-height elementor-section-items-stretch elementor-section-content-space-evenly elementor-section-boxed elementor-section-height-default\" data-id=\"b958805\" data-element_type=\"section\">\n\t\t\t\t\t\t<div class=\"elementor-container elementor-column-gap-no\">\n\t\t\t\t\t<div class=\"elementor-column elementor-col-50 elementor-top-column elementor-element elementor-element-d77aca5\" data-id=\"d77aca5\" data-element_type=\"column\" data-settings=\"{&quot;background_background&quot;:&quot;classic&quot;}\">\n\t\t\t<div class=\"elementor-widget-wrap elementor-element-populated\">\n\t\t\t\t\t\t\t\t<div class=\"elementor-element elementor-element-5b41ca6 elementor-widget elementor-widget-heading\" data-id=\"5b41ca6\" data-element_type=\"widget\" data-widget_type=\"heading.default\">\n\t\t\t\t<div class=\"elementor-widget-container\">\n\t\t\t<h2 class=\"elementor-heading-title elementor-size-default\">Lu Meo<\/h2>\t\t<\/div>\n\t\t\t\t<\/div>\n\t\t\t\t<div class=\"elementor-element elementor-element-6f755dc elementor-widget__width-initial elementor-widget-mobile__width-initial elementor-absolute animated-slow elementor-invisible elementor-widget elementor-widget-spacer\" data-id=\"6f755dc\" data-element_type=\"widget\" data-settings=\"{&quot;_position&quot;:&quot;absolute&quot;,&quot;_animation&quot;:&quot;stretchRight&quot;,&quot;_animation_delay&quot;:1000}\" data-widget_type=\"spacer.default\">\n\t\t\t\t<div class=\"elementor-widget-container\">\n\t\t\t\t\t<div class=\"elementor-spacer\">\n\t\t\t<div class=\"elementor-spacer-inner\"><\/div>\n\t\t<\/div>\n\t\t\t\t<\/div>\n\t\t\t\t<\/div>\n\t\t\t\t<div class=\"elementor-element elementor-element-da8421d elementor-widget elementor-widget-text-editor\" data-id=\"da8421d\" data-element_type=\"widget\" data-widget_type=\"text-editor.default\">\n\t\t\t\t<div class=\"elementor-widget-container\">\n\t\t\t\t\t\t\t<p>Lu Meo nasce dalle uve di Nerello Mascalese su ceppi di quaranta anni, coltivati a spalliera e alberello. Un vino in purezza. Come solo un vigneto maturo \u00e8 in grado di fare, questo vitigno, nella sua tersa degustazione, rivela tutta la sua potenza e, al contempo, la grazia dei suoi profumi.\u00a0<\/p><p>\u00c8 il mio vino pi\u00f9 difficile: interpretare un vigneto di tale maturit\u00e0 non \u00e8 facile. Lo faccio legando alla passione per il mio lavoro la pi\u00f9 ardita innovazione e la sentita tradizione. La soddisfazione umana, personale e professionale, \u00e8 il premio che ogni anno riesco a vincere con me stessa.<\/p><div>\u00a0<\/div>\t\t\t\t\t\t<\/div>\n\t\t\t\t<\/div>\n\t\t\t\t\t<\/div>\n\t\t<\/div>\n\t\t\t\t<div class=\"elementor-column elementor-col-50 elementor-top-column elementor-element elementor-element-bc14201\" data-id=\"bc14201\" data-element_type=\"column\">\n\t\t\t<div class=\"elementor-widget-wrap elementor-element-populated\">\n\t\t\t\t\t\t\t\t<div class=\"elementor-element elementor-element-5ec4767 elementor-grid-1 elementor-product-loop-item--align-center elementor-grid-tablet-1 elementor-grid-mobile-1 elementor-products-grid elementor-wc-products elementor-widget elementor-widget-woocommerce-products\" data-id=\"5ec4767\" data-element_type=\"widget\" data-widget_type=\"woocommerce-products.default\">\n\t\t\t\t<div class=\"elementor-widget-container\">\n\t\t\t<div class=\"woocommerce columns-1 \"><ul class=\"products elementor-grid columns-1\">\n<li class=\"product type-product post-874 status-publish first instock product_cat-wines has-post-thumbnail shipping-taxable product-type-simple\">\n\t<\/li>\n<\/ul>\n<\/div>\t\t<\/div>\n\t\t\t\t<\/div>\n\t\t\t\t\t<\/div>\n\t\t<\/div>\n\t\t\t\t\t\t\t<\/div>\n\t\t<\/section>\n\t\t\t\t<section class=\"elementor-section elementor-top-section elementor-element elementor-element-c373b48 elementor-section-height-min-height elementor-section-boxed elementor-section-height-default elementor-section-items-middle\" data-id=\"c373b48\" data-element_type=\"section\" data-settings=\"{&quot;background_background&quot;:&quot;classic&quot;}\">\n\t\t\t\t\t\t<div class=\"elementor-container elementor-column-gap-default\">\n\t\t\t\t\t<div class=\"elementor-column elementor-col-100 elementor-top-column elementor-element elementor-element-c89c06c\" data-id=\"c89c06c\" data-element_type=\"column\">\n\t\t\t<div class=\"elementor-widget-wrap elementor-element-populated\">\n\t\t\t\t\t\t\t\t<div class=\"elementor-element elementor-element-b45bcb7 elementor-widget elementor-widget-heading\" data-id=\"b45bcb7\" data-element_type=\"widget\" data-widget_type=\"heading.default\">\n\t\t\t\t<div class=\"elementor-widget-container\">\n\t\t\t<h1 class=\"elementor-heading-title elementor-size-default\">l'olio<\/h1>\t\t<\/div>\n\t\t\t\t<\/div>\n\t\t\t\t\t<\/div>\n\t\t<\/div>\n\t\t\t\t\t\t\t<\/div>\n\t\t<\/section>\n\t\t\t\t<section class=\"elementor-section elementor-top-section elementor-element elementor-element-0dc1eb2 elementor-reverse-mobile elementor-section-height-min-height elementor-section-items-stretch elementor-section-content-space-evenly elementor-section-boxed elementor-section-height-default\" data-id=\"0dc1eb2\" data-element_type=\"section\">\n\t\t\t\t\t\t<div class=\"elementor-container elementor-column-gap-no\">\n\t\t\t\t\t<div class=\"elementor-column elementor-col-50 elementor-top-column elementor-element elementor-element-bc70c53\" data-id=\"bc70c53\" data-element_type=\"column\">\n\t\t\t<div class=\"elementor-widget-wrap elementor-element-populated\">\n\t\t\t\t\t\t\t\t<div class=\"elementor-element elementor-element-2a26853 elementor-grid-1 elementor-product-loop-item--align-center elementor-grid-tablet-1 elementor-grid-mobile-1 elementor-products-grid elementor-wc-products elementor-widget elementor-widget-woocommerce-products\" data-id=\"2a26853\" data-element_type=\"widget\" data-widget_type=\"woocommerce-products.default\">\n\t\t\t\t<div class=\"elementor-widget-container\">\n\t\t\t<div class=\"woocommerce columns-1 \"><ul class=\"products elementor-grid columns-1\">\n<li class=\"product type-product post-873 status-publish first instock product_cat-oils has-post-thumbnail shipping-taxable purchasable product-type-simple\">\n\t<\/li>\n<\/ul>\n<\/div>\t\t<\/div>\n\t\t\t\t<\/div>\n\t\t\t\t\t<\/div>\n\t\t<\/div>\n\t\t\t\t<div class=\"elementor-column elementor-col-50 elementor-top-column elementor-element elementor-element-2ab4737\" data-id=\"2ab4737\" data-element_type=\"column\" data-settings=\"{&quot;background_background&quot;:&quot;classic&quot;}\">\n\t\t\t<div class=\"elementor-widget-wrap elementor-element-populated\">\n\t\t\t\t\t\t\t\t<div class=\"elementor-element elementor-element-511bb0a elementor-widget elementor-widget-heading\" data-id=\"511bb0a\" data-element_type=\"widget\" data-widget_type=\"heading.default\">\n\t\t\t\t<div class=\"elementor-widget-container\">\n\t\t\t<h2 class=\"elementor-heading-title elementor-size-default\">l\u2019extra vergine dell\u2019Etna<\/h2>\t\t<\/div>\n\t\t\t\t<\/div>\n\t\t\t\t<div class=\"elementor-element elementor-element-288870a elementor-widget__width-initial elementor-widget-mobile__width-initial elementor-absolute animated-slow elementor-invisible elementor-widget elementor-widget-spacer\" data-id=\"288870a\" data-element_type=\"widget\" data-settings=\"{&quot;_position&quot;:&quot;absolute&quot;,&quot;_animation&quot;:&quot;stretchRight&quot;,&quot;_animation_delay&quot;:1000}\" data-widget_type=\"spacer.default\">\n\t\t\t\t<div class=\"elementor-widget-container\">\n\t\t\t\t\t<div class=\"elementor-spacer\">\n\t\t\t<div class=\"elementor-spacer-inner\"><\/div>\n\t\t<\/div>\n\t\t\t\t<\/div>\n\t\t\t\t<\/div>\n\t\t\t\t<div class=\"elementor-element elementor-element-c80d8b6 elementor-widget elementor-widget-text-editor\" data-id=\"c80d8b6\" data-element_type=\"widget\" data-widget_type=\"text-editor.default\">\n\t\t\t\t<div class=\"elementor-widget-container\">\n\t\t\t\t\t\t\t<p>Nasce alle pendici dell\u2019Etna, su terreni lavici ricchi di sali minerali, su rocce nere coperte di muschi e licheni.<\/p><p>Gli alberi di Nocellara dell\u2019Etna sono forti e vigorosi, producono olive croccanti e consistenti che \u00e8 un piacere frangere, per ottenere un olio dal sapore ricco, profondo e variegato, armonioso tra amaro e piccante.<\/p>\t\t\t\t\t\t<\/div>\n\t\t\t\t<\/div>\n\t\t\t\t\t<\/div>\n\t\t<\/div>\n\t\t\t\t\t\t\t<\/div>\n\t\t<\/section>\n\t\t\t\t\t\t\t<\/div>\n\t\t","protected":false},"excerpt":{"rendered":"<p>shop \/ vini e oli territoriali I miei Etna Bianco e Rosso Doc rappresentano l\u2019apice dello sforzo, esprimono le particolari condizioni di un intero anno di lavoro sul vulcano, nei miei vigneti. L\u2019uvaggio \u00e8 quello tipico della Doc e tuttavia viene calibrato, di anno in anno, per ottenere l\u2019assoluto rispetto biologico del territorio e delle [&hellip;]<\/p>\n","protected":false},"author":1,"featured_media":0,"parent":0,"menu_order":0,"comment_status":"closed","ping_status":"closed","template":"","meta":{"footnotes":""},"class_list":["post-708","page","type-page","status-publish","hentry"],"yoast_head":"<!-- This site is optimized with the Yoast SEO plugin v19.6.1 - https:\/\/yoast.com\/wordpress\/plugins\/seo\/ -->\n<title>Shop - Sentieri Siciliani<\/title>\n<meta name=\"robots\" content=\"index, follow, max-snippet:-1, max-image-preview:large, max-video-preview:-1\" \/>\n<link rel=\"canonical\" href=\"https:\/\/sentierisiciliani.it\/en\/wine-shop\/\" \/>\n<meta property=\"og:locale\" content=\"en_US\" \/>\n<meta property=\"og:type\" content=\"article\" \/>\n<meta property=\"og:title\" content=\"Shop - Sentieri Siciliani\" \/>\n<meta property=\"og:description\" content=\"shop \/ vini e oli territoriali I miei Etna Bianco e Rosso Doc rappresentano l\u2019apice dello sforzo, esprimono le particolari condizioni di un intero anno di lavoro sul vulcano, nei miei vigneti. L\u2019uvaggio \u00e8 quello tipico della Doc e tuttavia viene calibrato, di anno in anno, per ottenere l\u2019assoluto rispetto biologico del territorio e delle [&hellip;]\" \/>\n<meta property=\"og:url\" content=\"https:\/\/sentierisiciliani.it\/en\/wine-shop\/\" \/>\n<meta property=\"og:site_name\" content=\"Sentieri Siciliani\" \/>\n<meta property=\"article:modified_time\" content=\"2022-06-24T10:50:24+00:00\" \/>\n<meta name=\"twitter:card\" content=\"summary_large_image\" \/>\n<meta name=\"twitter:label1\" content=\"Est. reading time\" \/>\n\t<meta name=\"twitter:data1\" content=\"1 minute\" \/>\n<script type=\"application\/ld+json\" class=\"yoast-schema-graph\">{\"@context\":\"https:\/\/schema.org\",\"@graph\":[{\"@type\":\"WebPage\",\"@id\":\"https:\/\/sentierisiciliani.it\/en\/wine-shop\/\",\"url\":\"https:\/\/sentierisiciliani.it\/en\/wine-shop\/\",\"name\":\"Shop - Sentieri Siciliani\",\"isPartOf\":{\"@id\":\"https:\/\/sentierisiciliani.it\/#website\"},\"datePublished\":\"2022-06-22T11:58:28+00:00\",\"dateModified\":\"2022-06-24T10:50:24+00:00\",\"breadcrumb\":{\"@id\":\"https:\/\/sentierisiciliani.it\/en\/wine-shop\/#breadcrumb\"},\"inLanguage\":\"en-US\",\"potentialAction\":[{\"@type\":\"ReadAction\",\"target\":[\"https:\/\/sentierisiciliani.it\/en\/wine-shop\/\"]}]},{\"@type\":\"BreadcrumbList\",\"@id\":\"https:\/\/sentierisiciliani.it\/en\/wine-shop\/#breadcrumb\",\"itemListElement\":[{\"@type\":\"ListItem\",\"position\":1,\"name\":\"Home\",\"item\":\"https:\/\/sentierisiciliani.it\/en\/\"},{\"@type\":\"ListItem\",\"position\":2,\"name\":\"Shop\"}]},{\"@type\":\"WebSite\",\"@id\":\"https:\/\/sentierisiciliani.it\/#website\",\"url\":\"https:\/\/sentierisiciliani.it\/\",\"name\":\"Sentieri Siciliani\",\"description\":\"Vini e Olii dell&#039;Etna\",\"publisher\":{\"@id\":\"https:\/\/sentierisiciliani.it\/#organization\"},\"potentialAction\":[{\"@type\":\"SearchAction\",\"target\":{\"@type\":\"EntryPoint\",\"urlTemplate\":\"https:\/\/sentierisiciliani.it\/?s={search_term_string}\"},\"query-input\":\"required name=search_term_string\"}],\"inLanguage\":\"en-US\"},{\"@type\":\"Organization\",\"@id\":\"https:\/\/sentierisiciliani.it\/#organization\",\"name\":\"Sentieri Siciliani\",\"url\":\"https:\/\/sentierisiciliani.it\/\",\"sameAs\":[],\"logo\":{\"@type\":\"ImageObject\",\"inLanguage\":\"en-US\",\"@id\":\"https:\/\/sentierisiciliani.it\/#\/schema\/logo\/image\/\",\"url\":\"https:\/\/sentierisiciliani.it\/wp-content\/uploads\/2022\/06\/Logo_SentieriSiciliani.svg\",\"contentUrl\":\"https:\/\/sentierisiciliani.it\/wp-content\/uploads\/2022\/06\/Logo_SentieriSiciliani.svg\",\"width\":159,\"height\":85,\"caption\":\"Sentieri Siciliani\"},\"image\":{\"@id\":\"https:\/\/sentierisiciliani.it\/#\/schema\/logo\/image\/\"}}]}<\/script>\n<!-- \/ Yoast SEO plugin. -->","yoast_head_json":{"title":"Shop - Sentieri Siciliani","robots":{"index":"index","follow":"follow","max-snippet":"max-snippet:-1","max-image-preview":"max-image-preview:large","max-video-preview":"max-video-preview:-1"},"canonical":"https:\/\/sentierisiciliani.it\/en\/wine-shop\/","og_locale":"en_US","og_type":"article","og_title":"Shop - Sentieri Siciliani","og_description":"shop \/ vini e oli territoriali I miei Etna Bianco e Rosso Doc rappresentano l\u2019apice dello sforzo, esprimono le particolari condizioni di un intero anno di lavoro sul vulcano, nei miei vigneti. L\u2019uvaggio \u00e8 quello tipico della Doc e tuttavia viene calibrato, di anno in anno, per ottenere l\u2019assoluto rispetto biologico del territorio e delle [&hellip;]","og_url":"https:\/\/sentierisiciliani.it\/en\/wine-shop\/","og_site_name":"Sentieri Siciliani","article_modified_time":"2022-06-24T10:50:24+00:00","twitter_card":"summary_large_image","twitter_misc":{"Est. reading time":"1 minute"},"schema":{"@context":"https:\/\/schema.org","@graph":[{"@type":"WebPage","@id":"https:\/\/sentierisiciliani.it\/en\/wine-shop\/","url":"https:\/\/sentierisiciliani.it\/en\/wine-shop\/","name":"Shop - Sentieri Siciliani","isPartOf":{"@id":"https:\/\/sentierisiciliani.it\/#website"},"datePublished":"2022-06-22T11:58:28+00:00","dateModified":"2022-06-24T10:50:24+00:00","breadcrumb":{"@id":"https:\/\/sentierisiciliani.it\/en\/wine-shop\/#breadcrumb"},"inLanguage":"en-US","potentialAction":[{"@type":"ReadAction","target":["https:\/\/sentierisiciliani.it\/en\/wine-shop\/"]}]},{"@type":"BreadcrumbList","@id":"https:\/\/sentierisiciliani.it\/en\/wine-shop\/#breadcrumb","itemListElement":[{"@type":"ListItem","position":1,"name":"Home","item":"https:\/\/sentierisiciliani.it\/en\/"},{"@type":"ListItem","position":2,"name":"Shop"}]},{"@type":"WebSite","@id":"https:\/\/sentierisiciliani.it\/#website","url":"https:\/\/sentierisiciliani.it\/","name":"Sentieri Siciliani","description":"Vini e Olii dell&#039;Etna","publisher":{"@id":"https:\/\/sentierisiciliani.it\/#organization"},"potentialAction":[{"@type":"SearchAction","target":{"@type":"EntryPoint","urlTemplate":"https:\/\/sentierisiciliani.it\/?s={search_term_string}"},"query-input":"required name=search_term_string"}],"inLanguage":"en-US"},{"@type":"Organization","@id":"https:\/\/sentierisiciliani.it\/#organization","name":"Sentieri Siciliani","url":"https:\/\/sentierisiciliani.it\/","sameAs":[],"logo":{"@type":"ImageObject","inLanguage":"en-US","@id":"https:\/\/sentierisiciliani.it\/#\/schema\/logo\/image\/","url":"https:\/\/sentierisiciliani.it\/wp-content\/uploads\/2022\/06\/Logo_SentieriSiciliani.svg","contentUrl":"https:\/\/sentierisiciliani.it\/wp-content\/uploads\/2022\/06\/Logo_SentieriSiciliani.svg","width":159,"height":85,"caption":"Sentieri Siciliani"},"image":{"@id":"https:\/\/sentierisiciliani.it\/#\/schema\/logo\/image\/"}}]}},"_links":{"self":[{"href":"https:\/\/sentierisiciliani.it\/en\/wp-json\/wp\/v2\/pages\/708","targetHints":{"allow":["GET"]}}],"collection":[{"href":"https:\/\/sentierisiciliani.it\/en\/wp-json\/wp\/v2\/pages"}],"about":[{"href":"https:\/\/sentierisiciliani.it\/en\/wp-json\/wp\/v2\/types\/page"}],"author":[{"embeddable":true,"href":"https:\/\/sentierisiciliani.it\/en\/wp-json\/wp\/v2\/users\/1"}],"replies":[{"embeddable":true,"href":"https:\/\/sentierisiciliani.it\/en\/wp-json\/wp\/v2\/comments?post=708"}],"version-history":[{"count":0,"href":"https:\/\/sentierisiciliani.it\/en\/wp-json\/wp\/v2\/pages\/708\/revisions"}],"wp:attachment":[{"href":"https:\/\/sentierisiciliani.it\/en\/wp-json\/wp\/v2\/media?parent=708"}],"curies":[{"name":"wp","href":"https:\/\/api.w.org\/{rel}","templated":true}]}}